{"id":5729,"date":"2024-09-13T15:10:41","date_gmt":"2024-09-13T18:10:41","guid":{"rendered":"http:\/\/ecolit.com.br\/\/?page_id=5729"},"modified":"2024-10-02T20:29:33","modified_gmt":"2024-10-02T23:29:33","slug":"quem-somos","status":"publish","type":"page","link":"https:\/\/ecolit.com.br\/?page_id=5729","title":{"rendered":"Quem Somos"},"content":{"rendered":"\t\t<div data-elementor-type=\"wp-page\" data-elementor-id=\"5729\" class=\"elementor elementor-5729\" data-elementor-post-type=\"page\">\n\t\t\t\t        <section class=\"elementor-section elementor-top-section elementor-element elementor-element-4ea20802 elementor-section-stretched elementor-section-boxed elementor-section-height-default elementor-section-height-default ct-header-fixed-none ct-row-max-none\" data-id=\"4ea20802\" data-element_type=\"section\" id=\"section-home\" data-settings=\"{&quot;stretch_section&quot;:&quot;section-stretched&quot;,&quot;background_background&quot;:&quot;classic&quot;}\">\n            \n                        <div class=\"elementor-container elementor-column-gap-default \">\n                    <div class=\"elementor-column elementor-col-100 elementor-top-column elementor-element elementor-element-358137b3\" data-id=\"358137b3\" data-element_type=\"column\">\n        <div class=\"elementor-widget-wrap elementor-element-populated\">\n                    \n        <div class=\"elementor-element elementor-element-b5fd786 e-con-full e-flex e-con e-parent\" data-id=\"b5fd786\" data-element_type=\"container\">\n\t\t\t\t<div class=\"elementor-element elementor-element-1b99b583 elementor-widget elementor-widget-heading\" data-id=\"1b99b583\" data-element_type=\"widget\" data-widget_type=\"heading.default\">\n\t\t\t\t<div class=\"elementor-widget-container\">\n\t\t\t\t\t<h2 class=\"elementor-heading-title elementor-size-default\">QUEM SOMOS<\/h2>\t\t\t\t<\/div>\n\t\t\t\t<\/div>\n\t\t\t\t<\/div>\n\t\t            <\/div>\n        <\/div>\n                    <\/div>\n        <\/section>\n        <div class=\"elementor-element elementor-element-61479e3 e-flex e-con-boxed e-con e-parent\" data-id=\"61479e3\" data-element_type=\"container\">\n\t\t\t\t\t<div class=\"e-con-inner\">\n\t\t<div class=\"elementor-element elementor-element-09b675d e-con-full e-flex e-con e-child\" data-id=\"09b675d\" data-element_type=\"container\">\n\t\t<div class=\"elementor-element elementor-element-1522fa7 e-con-full e-flex elementor-invisible e-con e-child\" data-id=\"1522fa7\" data-element_type=\"container\" data-settings=\"{&quot;animation&quot;:&quot;fadeInLeft&quot;}\">\n\t\t\t\t<div class=\"elementor-element elementor-element-de35618 elementor-widget elementor-widget-ct_heading\" data-id=\"de35618\" data-element_type=\"widget\" data-widget_type=\"ct_heading.default\">\n\t\t\t\t<div class=\"elementor-widget-container\">\n\t\t\t\t\t<div class=\"ct-heading h-align-  sub-style8 ct-heading-left item-st-default\">\r\n\t    <h3 class=\"item--title st-default \" data-wow-delay=\"ms\">\r\n                <span class=\"sp-main\">\r\n            \r\n            Quem Somos\r\n            \r\n                    <\/span>\r\n            <\/h3>\r\n<\/div>\t\t\t\t<\/div>\n\t\t\t\t<\/div>\n\t\t\t\t<div class=\"elementor-element elementor-element-ddf93e2 elementor-widget elementor-widget-ct_text_editor\" data-id=\"ddf93e2\" data-element_type=\"widget\" data-widget_type=\"ct_text_editor.default\">\n\t\t\t\t<div class=\"elementor-widget-container\">\n\t\t\t\t\t<div id=\"ct_text_editor-ddf93e2\" class=\"ct-text-editor \" data-wow-delay=\"ms\">\r\n\t<div class=\"ct-inline-css\"  data-css=\"\r\n        \t\t\">\r\n\r\n    <\/div>\r\n\t<div class=\"ct-text-editor elementor-clearfix\">\r\n\t\t<p>Somos uma empresa inovadora e comprometida com o meio ambiente, especializada na fabrica\u00e7\u00e3o de chapas ecol\u00f3gicas de alta qualidade. <p>\n<p>Nosso foco \u00e9 oferecer solu\u00e7\u00f5es sustent\u00e1veis que contribuem para a preserva\u00e7\u00e3o dos recursos naturais, aliando tecnologia, responsabilidade social e respeito \u00e0 natureza. <p> \n<p>Com um time altamente qualificado, buscamos atender \u00e0s necessidades de nossos clientes, sempre com foco em durabilidade, efici\u00eancia e impacto ambiental reduzido.<\/p>\n\t\t\r\n\t<\/div>\r\n<\/div>\t\t\t\t<\/div>\n\t\t\t\t<\/div>\n\t\t\t\t<\/div>\n\t\t<div class=\"elementor-element elementor-element-e2f247c e-con-full e-flex elementor-invisible e-con e-child\" data-id=\"e2f247c\" data-element_type=\"container\" data-settings=\"{&quot;motion_fx_motion_fx_scrolling&quot;:&quot;yes&quot;,&quot;animation&quot;:&quot;fadeInRight&quot;,&quot;motion_fx_devices&quot;:[&quot;desktop&quot;,&quot;tablet&quot;,&quot;mobile&quot;]}\">\n\t\t\t\t<div class=\"elementor-element elementor-element-d65de3d elementor-widget elementor-widget-image\" data-id=\"d65de3d\" data-element_type=\"widget\" data-widget_type=\"image.default\">\n\t\t\t\t<div class=\"elementor-widget-container\">\n\t\t\t\t\t\t\t\t\t\t\t\t\t\t\t<img fetchpriority=\"high\" decoding=\"async\" width=\"469\" height=\"388\" src=\"https:\/\/ecolit.com.br\/wp-content\/uploads\/2024\/09\/QUEMSOMOS.png\" class=\"attachment-full size-full wp-image-5778\" alt=\"\" srcset=\"https:\/\/ecolit.com.br\/wp-content\/uploads\/2024\/09\/QUEMSOMOS.png 469w, https:\/\/ecolit.com.br\/wp-content\/uploads\/2024\/09\/QUEMSOMOS-300x248.png 300w\" sizes=\"(max-width: 469px) 100vw, 469px\" \/>\t\t\t\t\t\t\t\t\t\t\t\t\t\t\t<\/div>\n\t\t\t\t<\/div>\n\t\t\t\t<\/div>\n\t\t\t\t<\/div>\n\t\t\t\t\t<\/div>\n\t\t\t\t<\/div>\n\t\t        <section class=\"elementor-section elementor-top-section elementor-element elementor-element-32278d14 elementor-section-boxed elementor-section-height-default elementor-section-height-default ct-header-fixed-none ct-row-max-none\" data-id=\"32278d14\" data-element_type=\"section\" data-settings=\"{&quot;background_background&quot;:&quot;classic&quot;}\">\n            \n                        <div class=\"elementor-container elementor-column-gap-extended \">\n                    <div class=\"elementor-column elementor-col-50 elementor-top-column elementor-element elementor-element-18bac550\" data-id=\"18bac550\" data-element_type=\"column\">\n        <div class=\"elementor-widget-wrap elementor-element-populated\">\n                    \n        \t\t<div class=\"elementor-element elementor-element-6b4340a2 elementor-widget elementor-widget-ct_fancy_box\" data-id=\"6b4340a2\" data-element_type=\"widget\" data-widget_type=\"ct_fancy_box.default\">\n\t\t\t\t<div class=\"elementor-widget-container\">\n\t\t\t\t\t<div class=\"ct-fancy-box ct-fancy-box-layout6 wow fadeInUp\" data-wow-delay=\"ms\">\r\n            <div class=\"item--icon\">\r\n            <i aria-hidden=\"true\" class=\"flaticon flaticon-target\"><\/i>        <\/div>\r\n            <div class=\"item--holder\">\r\n        <h3 class=\"item--title\">\r\n            MISS\u00c3O        <\/h3>\r\n        <div class=\"item--description\"><P>Nossa miss\u00e3o \u00e9 produzir chapas ecol\u00f3gicas que promovam a sustentabilidade e a economia circular, proporcionando alternativas inovadoras e acess\u00edveis para os mais diversos setores.<\/P><P> Queremos ser uma refer\u00eancia em solu\u00e7\u00f5es que respeitam o meio ambiente e estimulam o uso consciente dos recursos.<\/P><\/div>\r\n    <\/div>\r\n            <a class=\"item--link\" href=\"https:\/\/anafelixcomunicacao.com.br\/ecolit\/service\/business-consulting\/\"><\/a>\r\n    <\/div>\t\t\t\t<\/div>\n\t\t\t\t<\/div>\n\t\t            <\/div>\n        <\/div>\n                <div class=\"elementor-column elementor-col-50 elementor-top-column elementor-element elementor-element-4f0719b7\" data-id=\"4f0719b7\" data-element_type=\"column\">\n        <div class=\"elementor-widget-wrap elementor-element-populated\">\n                    \n        \t\t<div class=\"elementor-element elementor-element-7f5f72d4 elementor-widget elementor-widget-ct_fancy_box\" data-id=\"7f5f72d4\" data-element_type=\"widget\" data-widget_type=\"ct_fancy_box.default\">\n\t\t\t\t<div class=\"elementor-widget-container\">\n\t\t\t\t\t<div class=\"ct-fancy-box ct-fancy-box-layout6 wow fadeInUp\" data-wow-delay=\"ms\">\r\n            <div class=\"item--icon\">\r\n            <i aria-hidden=\"true\" class=\"material zmdi zmdi-eye\"><\/i>        <\/div>\r\n            <div class=\"item--holder\">\r\n        <h3 class=\"item--title\">\r\n            VIS\u00c3O        <\/h3>\r\n        <div class=\"item--description\"><P>Ser reconhecida como uma empresa l\u00edder no mercado de chapas ecol\u00f3gicas, promovendo pr\u00e1ticas sustent\u00e1veis e influenciando positivamente a ind\u00fastria em dire\u00e7\u00e3o a um futuro mais verde e respons\u00e1vel. <\/P><P>Buscamos ser pioneiros em inova\u00e7\u00e3o tecnol\u00f3gica e em processos de fabrica\u00e7\u00e3o que reduzam o impacto ambiental.<\/P><\/div>\r\n    <\/div>\r\n            <a class=\"item--link\" href=\"https:\/\/anafelixcomunicacao.com.br\/ecolit\/service\/business-consulting\/\"><\/a>\r\n    <\/div>\t\t\t\t<\/div>\n\t\t\t\t<\/div>\n\t\t            <\/div>\n        <\/div>\n                    <\/div>\n        <\/section>\n        <div class=\"elementor-element elementor-element-bfd32fd e-flex e-con-boxed e-con e-parent\" data-id=\"bfd32fd\" data-element_type=\"container\">\n\t\t\t\t\t<div class=\"e-con-inner\">\n\t\t\t\t<div class=\"elementor-element elementor-element-748d34c elementor-widget elementor-widget-ct_heading\" data-id=\"748d34c\" data-element_type=\"widget\" data-widget_type=\"ct_heading.default\">\n\t\t\t\t<div class=\"elementor-widget-container\">\n\t\t\t\t\t<div class=\"ct-heading h-align-center  sub-style1 ct-heading-left item-st-default\">\r\n\t    <h3 class=\"item--title st-default \" data-wow-delay=\"ms\">\r\n                <span class=\"sp-main\">\r\n            \r\n            CONHE\u00c7A NOSSOS <i>VALORES<\/i>\r\n            \r\n                    <\/span>\r\n            <\/h3>\r\n<\/div>\t\t\t\t<\/div>\n\t\t\t\t<\/div>\n\t\t\t\t\t<\/div>\n\t\t\t\t<\/div>\n\t\t<div class=\"elementor-element elementor-element-6cfc276 e-flex e-con-boxed e-con e-parent\" data-id=\"6cfc276\" data-element_type=\"container\">\n\t\t\t\t\t<div class=\"e-con-inner\">\n\t\t<div class=\"elementor-element elementor-element-82e3973 e-con-full e-flex e-con e-child\" data-id=\"82e3973\" data-element_type=\"container\">\n\t\t\t\t<div class=\"elementor-element elementor-element-0d3cbcd elementor-widget elementor-widget-image\" data-id=\"0d3cbcd\" data-element_type=\"widget\" data-widget_type=\"image.default\">\n\t\t\t\t<div class=\"elementor-widget-container\">\n\t\t\t\t\t\t\t\t\t\t\t\t\t\t\t<img decoding=\"async\" width=\"2423\" height=\"2152\" src=\"https:\/\/ecolit.com.br\/wp-content\/uploads\/2024\/09\/1.png\" class=\"attachment-full size-full wp-image-5826\" alt=\"\" srcset=\"https:\/\/ecolit.com.br\/wp-content\/uploads\/2024\/09\/1.png 2423w, https:\/\/ecolit.com.br\/wp-content\/uploads\/2024\/09\/1-300x266.png 300w, https:\/\/ecolit.com.br\/wp-content\/uploads\/2024\/09\/1-1024x909.png 1024w, https:\/\/ecolit.com.br\/wp-content\/uploads\/2024\/09\/1-768x682.png 768w, https:\/\/ecolit.com.br\/wp-content\/uploads\/2024\/09\/1-1536x1364.png 1536w, https:\/\/ecolit.com.br\/wp-content\/uploads\/2024\/09\/1-2048x1819.png 2048w\" sizes=\"(max-width: 2423px) 100vw, 2423px\" \/>\t\t\t\t\t\t\t\t\t\t\t\t\t\t\t<\/div>\n\t\t\t\t<\/div>\n\t\t\t\t<\/div>\n\t\t<div class=\"elementor-element elementor-element-fa657a2 e-con-full e-flex e-con e-child\" data-id=\"fa657a2\" data-element_type=\"container\">\n\t\t\t\t<div class=\"elementor-element elementor-element-d4977e6 elementor-widget elementor-widget-ct_text_editor\" data-id=\"d4977e6\" data-element_type=\"widget\" data-widget_type=\"ct_text_editor.default\">\n\t\t\t\t<div class=\"elementor-widget-container\">\n\t\t\t\t\t<div id=\"ct_text_editor-d4977e6\" class=\"ct-text-editor \" data-wow-delay=\"ms\">\r\n\t<div class=\"ct-inline-css\"  data-css=\"\r\n        \t\t\">\r\n\r\n    <\/div>\r\n\t<div class=\"ct-text-editor elementor-clearfix\">\r\n\t\t<P><B>Sustentabilidade: <\/B> Priorizamos pr\u00e1ticas que minimizam o impacto ambiental em todas as etapas da nossa produ\u00e7\u00e3o.<\/P>\n<P><B>Inova\u00e7\u00e3o: <\/B> Estamos sempre em busca de novas tecnologias e materiais que tragam mais efici\u00eancia e menor impacto ecol\u00f3gico. <\/P>\n<P><B>Qualidade: <\/B> Compromisso com produtos de alta durabilidade e performance. <\/P>\n<P><B>Responsabilidade Social: <\/B> Valorizamos o bem-estar de nossos colaboradores, parceiros e a comunidade, promovendo uma cultura de respeito e inclus\u00e3o. <\/P>\n<P><B>Transpar\u00eancia: <\/B> Agimos com \u00e9tica e clareza em todas as nossas rela\u00e7\u00f5es comerciais e ambientais. <\/P>\n\t\t\r\n\t<\/div>\r\n<\/div>\t\t\t\t<\/div>\n\t\t\t\t<\/div>\n\t\t\t\t<\/div>\n\t\t\t\t\t<\/div>\n\t\t\t\t<\/div>\n\t\t\t\t<\/div>\n\t\t","protected":false},"excerpt":{"rendered":"<p>QUEM SOMOS Quem Somos Somos uma empresa inovadora e comprometida com o meio ambiente, especializada na fabrica\u00e7\u00e3o de chapas ecol\u00f3gicas de alta qualidade. Nosso foco \u00e9 oferecer solu\u00e7\u00f5es sustent\u00e1veis que contribuem para a preserva\u00e7\u00e3o dos recursos naturais, aliando tecnologia, responsabilidade social e respeito \u00e0 natureza. Com um time altamente qualificado, buscamos atender \u00e0s necessidades de [&hellip;]<\/p>\n","protected":false},"author":1,"featured_media":0,"parent":0,"menu_order":0,"comment_status":"closed","ping_status":"closed","template":"","meta":{"footnotes":""},"class_list":["post-5729","page","type-page","status-publish","hentry"],"_links":{"self":[{"href":"https:\/\/ecolit.com.br\/index.php?rest_route=\/wp\/v2\/pages\/5729","targetHints":{"allow":["GET"]}}],"collection":[{"href":"https:\/\/ecolit.com.br\/index.php?rest_route=\/wp\/v2\/pages"}],"about":[{"href":"https:\/\/ecolit.com.br\/index.php?rest_route=\/wp\/v2\/types\/page"}],"author":[{"embeddable":true,"href":"https:\/\/ecolit.com.br\/index.php?rest_route=\/wp\/v2\/users\/1"}],"replies":[{"embeddable":true,"href":"https:\/\/ecolit.com.br\/index.php?rest_route=%2Fwp%2Fv2%2Fcomments&post=5729"}],"version-history":[{"count":37,"href":"https:\/\/ecolit.com.br\/index.php?rest_route=\/wp\/v2\/pages\/5729\/revisions"}],"predecessor-version":[{"id":6553,"href":"https:\/\/ecolit.com.br\/index.php?rest_route=\/wp\/v2\/pages\/5729\/revisions\/6553"}],"wp:attachment":[{"href":"https:\/\/ecolit.com.br\/index.php?rest_route=%2Fwp%2Fv2%2Fmedia&parent=5729"}],"curies":[{"name":"wp","href":"https:\/\/api.w.org\/{rel}","templated":true}]}}