{"id":5733,"date":"2024-09-13T15:11:11","date_gmt":"2024-09-13T18:11:11","guid":{"rendered":"http:\/\/ecolit.com.br\/\/?page_id=5733"},"modified":"2025-02-07T19:58:59","modified_gmt":"2025-02-07T22:58:59","slug":"produtos","status":"publish","type":"page","link":"https:\/\/ecolit.com.br\/?page_id=5733","title":{"rendered":"Produtos"},"content":{"rendered":"\t\t<div data-elementor-type=\"wp-page\" data-elementor-id=\"5733\" class=\"elementor elementor-5733\" data-elementor-post-type=\"page\">\n\t\t\t\t        <section class=\"elementor-section elementor-top-section elementor-element elementor-element-5d7c9dc6 elementor-section-stretched elementor-section-boxed elementor-section-height-default elementor-section-height-default ct-header-fixed-none ct-row-max-none\" data-id=\"5d7c9dc6\" data-element_type=\"section\" id=\"section-home\" data-settings=\"{&quot;stretch_section&quot;:&quot;section-stretched&quot;,&quot;background_background&quot;:&quot;classic&quot;}\">\n            \n                        <div class=\"elementor-container elementor-column-gap-default \">\n                    <div class=\"elementor-column elementor-col-100 elementor-top-column elementor-element elementor-element-46e23850\" data-id=\"46e23850\" data-element_type=\"column\">\n        <div class=\"elementor-widget-wrap elementor-element-populated\">\n                    \n        <div class=\"elementor-element elementor-element-424fc235 e-con-full e-flex e-con e-parent\" data-id=\"424fc235\" data-element_type=\"container\">\n\t\t\t\t<div class=\"elementor-element elementor-element-3ee158d2 elementor-widget elementor-widget-heading\" data-id=\"3ee158d2\" data-element_type=\"widget\" data-widget_type=\"heading.default\">\n\t\t\t\t<div class=\"elementor-widget-container\">\n\t\t\t\t\t<h2 class=\"elementor-heading-title elementor-size-default\">PRODUTOS<\/h2>\t\t\t\t<\/div>\n\t\t\t\t<\/div>\n\t\t\t\t<\/div>\n\t\t            <\/div>\n        <\/div>\n                    <\/div>\n        <\/section>\n        <div class=\"elementor-element elementor-element-1a3036d e-flex e-con-boxed e-con e-parent\" data-id=\"1a3036d\" data-element_type=\"container\">\n\t\t\t\t\t<div class=\"e-con-inner\">\n\t\t<div class=\"elementor-element elementor-element-fbccd39 e-con-full e-flex e-con e-child\" data-id=\"fbccd39\" data-element_type=\"container\">\n\t\t<div class=\"elementor-element elementor-element-e7205b8 e-con-full e-flex elementor-invisible e-con e-child\" data-id=\"e7205b8\" data-element_type=\"container\" data-settings=\"{&quot;animation&quot;:&quot;fadeInLeft&quot;,&quot;background_background&quot;:&quot;classic&quot;}\">\n\t\t\t\t<\/div>\n\t\t<div class=\"elementor-element elementor-element-1c89520 e-con-full e-flex elementor-invisible e-con e-child\" data-id=\"1c89520\" data-element_type=\"container\" data-settings=\"{&quot;motion_fx_motion_fx_scrolling&quot;:&quot;yes&quot;,&quot;animation&quot;:&quot;fadeInRight&quot;,&quot;background_background&quot;:&quot;classic&quot;,&quot;motion_fx_devices&quot;:[&quot;desktop&quot;,&quot;tablet&quot;,&quot;mobile&quot;]}\">\n\t\t\t\t<div class=\"elementor-element elementor-element-09028fe elementor-widget elementor-widget-ct_heading\" data-id=\"09028fe\" data-element_type=\"widget\" data-widget_type=\"ct_heading.default\">\n\t\t\t\t<div class=\"elementor-widget-container\">\n\t\t\t\t\t<div class=\"ct-heading h-align-center  sub-style1 ct-heading-left item-st-default\">\r\n\t    <h3 class=\"item--title st-default \" data-wow-delay=\"ms\">\r\n                <span class=\"sp-main\">\r\n            \r\n            Especifica\u00e7\u00e3o T\u00e9cnica dos compensados ECOLIT\r\n            \r\n                    <\/span>\r\n            <\/h3>\r\n<\/div>\t\t\t\t<\/div>\n\t\t\t\t<\/div>\n\t\t\t\t<div class=\"elementor-element elementor-element-cba4a1b elementor-widget elementor-widget-ct_text_editor\" data-id=\"cba4a1b\" data-element_type=\"widget\" data-widget_type=\"ct_text_editor.default\">\n\t\t\t\t<div class=\"elementor-widget-container\">\n\t\t\t\t\t<div id=\"ct_text_editor-cba4a1b\" class=\"ct-text-editor \" data-wow-delay=\"ms\">\r\n\t<div class=\"ct-inline-css\"  data-css=\"\r\n        \t\t\">\r\n\r\n    <\/div>\r\n\t<div class=\"ct-text-editor elementor-clearfix\">\r\n\t\t<p><b>MEDIDAS:<\/b> 2,20m X 1,10m X 6mm<br \/><b>PESO:<\/b> 16Kg<br \/><b>COMPOSI\u00c7\u00c3O:<\/b> <strong>75%<\/strong> Pl\u00e1stico e <strong>25%<\/strong> Outros Materiais<br \/><b>ESPESSURAS:<\/b> 03 mm | 06 mm | 10 mm | 12 mm | 15 mm | 20 mm<\/p>\t\t\r\n\t<\/div>\r\n<\/div>\t\t\t\t<\/div>\n\t\t\t\t<\/div>\n\t\t\t\t<div class=\"elementor-element elementor-element-ce61581 elementor-position-left elementor-view-stacked elementor-mobile-position-left elementor-vertical-align-middle elementor-shape-circle elementor-widget elementor-widget-icon-box\" data-id=\"ce61581\" data-element_type=\"widget\" data-widget_type=\"icon-box.default\">\n\t\t\t\t<div class=\"elementor-widget-container\">\n\t\t\t\t\t\t\t<div class=\"elementor-icon-box-wrapper\">\n\n\t\t\t\t\t\t<div class=\"elementor-icon-box-icon\">\n\t\t\t\t<span  class=\"elementor-icon\">\n\t\t\t\t<i aria-hidden=\"true\" class=\"fas fa-check-circle\"><\/i>\t\t\t\t<\/span>\n\t\t\t<\/div>\n\t\t\t\n\t\t\t\t\t\t<div class=\"elementor-icon-box-content\">\n\n\t\t\t\t\n\t\t\t\t\t\t\t\t\t<p class=\"elementor-icon-box-description\">\n\t\t\t\t\t\tImperme\u00e1vel, Resistente a compress\u00e3o.\t\t\t\t\t<\/p>\n\t\t\t\t\n\t\t\t<\/div>\n\t\t\t\n\t\t<\/div>\n\t\t\t\t\t\t<\/div>\n\t\t\t\t<\/div>\n\t\t\t\t<div class=\"elementor-element elementor-element-77326ce elementor-position-left elementor-view-stacked elementor-mobile-position-left elementor-vertical-align-middle elementor-shape-circle elementor-widget elementor-widget-icon-box\" data-id=\"77326ce\" data-element_type=\"widget\" data-widget_type=\"icon-box.default\">\n\t\t\t\t<div class=\"elementor-widget-container\">\n\t\t\t\t\t\t\t<div class=\"elementor-icon-box-wrapper\">\n\n\t\t\t\t\t\t<div class=\"elementor-icon-box-icon\">\n\t\t\t\t<span  class=\"elementor-icon\">\n\t\t\t\t<i aria-hidden=\"true\" class=\"fas fa-check-circle\"><\/i>\t\t\t\t<\/span>\n\t\t\t<\/div>\n\t\t\t\n\t\t\t\t\t\t<div class=\"elementor-icon-box-content\">\n\n\t\t\t\t\n\t\t\t\t\t\t\t\t\t<p class=\"elementor-icon-box-description\">\n\t\t\t\t\t\tPode ser serrada com serra de disco ou tico tico.\t\t\t\t\t<\/p>\n\t\t\t\t\n\t\t\t<\/div>\n\t\t\t\n\t\t<\/div>\n\t\t\t\t\t\t<\/div>\n\t\t\t\t<\/div>\n\t\t\t\t<div class=\"elementor-element elementor-element-083f776 elementor-position-left elementor-view-stacked elementor-mobile-position-left elementor-shape-circle elementor-vertical-align-top elementor-widget elementor-widget-icon-box\" data-id=\"083f776\" data-element_type=\"widget\" data-widget_type=\"icon-box.default\">\n\t\t\t\t<div class=\"elementor-widget-container\">\n\t\t\t\t\t\t\t<div class=\"elementor-icon-box-wrapper\">\n\n\t\t\t\t\t\t<div class=\"elementor-icon-box-icon\">\n\t\t\t\t<span  class=\"elementor-icon\">\n\t\t\t\t<i aria-hidden=\"true\" class=\"fas fa-check-circle\"><\/i>\t\t\t\t<\/span>\n\t\t\t<\/div>\n\t\t\t\n\t\t\t\t\t\t<div class=\"elementor-icon-box-content\">\n\n\t\t\t\t\n\t\t\t\t\t\t\t\t\t<p class=\"elementor-icon-box-description\">\n\t\t\t\t\t\tPode ser pintada com esmalte sint\u00e9tico, aceita f\u00f3rmica, adesivo, prego, parafuso.\t\t\t\t\t<\/p>\n\t\t\t\t\n\t\t\t<\/div>\n\t\t\t\n\t\t<\/div>\n\t\t\t\t\t\t<\/div>\n\t\t\t\t<\/div>\n\t\t\t\t<div class=\"elementor-element elementor-element-206182b elementor-position-left elementor-view-stacked elementor-mobile-position-left elementor-shape-circle elementor-vertical-align-top elementor-widget elementor-widget-icon-box\" data-id=\"206182b\" data-element_type=\"widget\" data-widget_type=\"icon-box.default\">\n\t\t\t\t<div class=\"elementor-widget-container\">\n\t\t\t\t\t\t\t<div class=\"elementor-icon-box-wrapper\">\n\n\t\t\t\t\t\t<div class=\"elementor-icon-box-icon\">\n\t\t\t\t<span  class=\"elementor-icon\">\n\t\t\t\t<i aria-hidden=\"true\" class=\"fas fa-check-circle\"><\/i>\t\t\t\t<\/span>\n\t\t\t<\/div>\n\t\t\t\n\t\t\t\t\t\t<div class=\"elementor-icon-box-content\">\n\n\t\t\t\t\n\t\t\t\t\t\t\t\t\t<p class=\"elementor-icon-box-description\">\n\t\t\t\t\t\tPode ser aplicada: tapumes de obras, forro de coberta, bandeja de edif\u00edcio, revestir banheiro de obra, proteger piso cer\u00e2mico, fabricar m\u00f3veis etc.\t\t\t\t\t<\/p>\n\t\t\t\t\n\t\t\t<\/div>\n\t\t\t\n\t\t<\/div>\n\t\t\t\t\t\t<\/div>\n\t\t\t\t<\/div>\n\t\t\t\t<\/div>\n\t\t\t\t<\/div>\n\t\t<div class=\"elementor-element elementor-element-73863d2 e-con-full e-flex e-con e-child\" data-id=\"73863d2\" data-element_type=\"container\">\n\t\t<div class=\"elementor-element elementor-element-2404de4 e-con-full e-flex elementor-invisible e-con e-child\" data-id=\"2404de4\" data-element_type=\"container\" data-settings=\"{&quot;animation&quot;:&quot;fadeInLeft&quot;}\">\n\t\t\t\t<div class=\"elementor-element elementor-element-5a8aa81 elementor-widget elementor-widget-ct_heading\" data-id=\"5a8aa81\" data-element_type=\"widget\" data-widget_type=\"ct_heading.default\">\n\t\t\t\t<div class=\"elementor-widget-container\">\n\t\t\t\t\t<div class=\"ct-heading h-align-center  sub-style1 ct-heading-left item-st-default\">\r\n\t    <h3 class=\"item--title st-default \" data-wow-delay=\"ms\">\r\n                <span class=\"sp-main\">\r\n            \r\n            ONDE POSSO USAR AS PLACAS ECOL\u00d3GICAS\r\n            \r\n                    <\/span>\r\n            <\/h3>\r\n<\/div>\t\t\t\t<\/div>\n\t\t\t\t<\/div>\n\t\t\t\t<\/div>\n\t\t\t\t<\/div>\n\t\t<div class=\"elementor-element elementor-element-da60e17 e-con-full e-flex e-con e-child\" data-id=\"da60e17\" data-element_type=\"container\">\n\t\t<div class=\"elementor-element elementor-element-8d7a8dc e-con-full e-flex elementor-invisible e-con e-child\" data-id=\"8d7a8dc\" data-element_type=\"container\" data-settings=\"{&quot;animation&quot;:&quot;fadeInLeft&quot;}\">\n\t\t\t\t<div class=\"elementor-element elementor-element-b5fc0ae elementor-widget elementor-widget-text-editor\" data-id=\"b5fc0ae\" data-element_type=\"widget\" data-widget_type=\"text-editor.default\">\n\t\t\t\t<div class=\"elementor-widget-container\">\n\t\t\t\t\t\t\t\t\t<div id='gallery-1' class='gallery galleryid-5733 gallery-columns-5 gallery-size-medium'><figure class='gallery-item'>\n\t\t\t<div class='gallery-icon landscape'>\n\t\t\t\t<a href='https:\/\/ecolit.com.br\/wp-content\/uploads\/2024\/10\/001.jpg'><img fetchpriority=\"high\" decoding=\"async\" width=\"300\" height=\"250\" src=\"https:\/\/ecolit.com.br\/wp-content\/uploads\/2024\/10\/001-300x250.jpg\" class=\"attachment-medium size-medium\" alt=\"\" srcset=\"https:\/\/ecolit.com.br\/wp-content\/uploads\/2024\/10\/001-300x250.jpg 300w, https:\/\/ecolit.com.br\/wp-content\/uploads\/2024\/10\/001.jpg 600w\" sizes=\"(max-width: 300px) 100vw, 300px\" \/><\/a>\n\t\t\t<\/div><\/figure><figure class='gallery-item'>\n\t\t\t<div class='gallery-icon landscape'>\n\t\t\t\t<a href='https:\/\/ecolit.com.br\/wp-content\/uploads\/2024\/10\/002.jpg'><img decoding=\"async\" width=\"300\" height=\"250\" src=\"https:\/\/ecolit.com.br\/wp-content\/uploads\/2024\/10\/002-300x250.jpg\" class=\"attachment-medium size-medium\" alt=\"\" srcset=\"https:\/\/ecolit.com.br\/wp-content\/uploads\/2024\/10\/002-300x250.jpg 300w, https:\/\/ecolit.com.br\/wp-content\/uploads\/2024\/10\/002.jpg 600w\" sizes=\"(max-width: 300px) 100vw, 300px\" \/><\/a>\n\t\t\t<\/div><\/figure><figure class='gallery-item'>\n\t\t\t<div class='gallery-icon landscape'>\n\t\t\t\t<a href='https:\/\/ecolit.com.br\/wp-content\/uploads\/2024\/10\/003.jpg'><img decoding=\"async\" width=\"300\" height=\"250\" src=\"https:\/\/ecolit.com.br\/wp-content\/uploads\/2024\/10\/003-300x250.jpg\" class=\"attachment-medium size-medium\" alt=\"\" srcset=\"https:\/\/ecolit.com.br\/wp-content\/uploads\/2024\/10\/003-300x250.jpg 300w, https:\/\/ecolit.com.br\/wp-content\/uploads\/2024\/10\/003.jpg 600w\" sizes=\"(max-width: 300px) 100vw, 300px\" \/><\/a>\n\t\t\t<\/div><\/figure><figure class='gallery-item'>\n\t\t\t<div class='gallery-icon landscape'>\n\t\t\t\t<a href='https:\/\/ecolit.com.br\/wp-content\/uploads\/2024\/10\/004.jpg'><img loading=\"lazy\" decoding=\"async\" width=\"300\" height=\"250\" src=\"https:\/\/ecolit.com.br\/wp-content\/uploads\/2024\/10\/004-300x250.jpg\" class=\"attachment-medium size-medium\" alt=\"\" srcset=\"https:\/\/ecolit.com.br\/wp-content\/uploads\/2024\/10\/004-300x250.jpg 300w, https:\/\/ecolit.com.br\/wp-content\/uploads\/2024\/10\/004.jpg 600w\" sizes=\"(max-width: 300px) 100vw, 300px\" \/><\/a>\n\t\t\t<\/div><\/figure><figure class='gallery-item'>\n\t\t\t<div class='gallery-icon landscape'>\n\t\t\t\t<a href='https:\/\/ecolit.com.br\/wp-content\/uploads\/2024\/10\/006-1.jpg'><img loading=\"lazy\" decoding=\"async\" width=\"300\" height=\"250\" src=\"https:\/\/ecolit.com.br\/wp-content\/uploads\/2024\/10\/006-1-300x250.jpg\" class=\"attachment-medium size-medium\" alt=\"\" srcset=\"https:\/\/ecolit.com.br\/wp-content\/uploads\/2024\/10\/006-1-300x250.jpg 300w, https:\/\/ecolit.com.br\/wp-content\/uploads\/2024\/10\/006-1.jpg 600w\" sizes=\"(max-width: 300px) 100vw, 300px\" \/><\/a>\n\t\t\t<\/div><\/figure><figure class='gallery-item'>\n\t\t\t<div class='gallery-icon landscape'>\n\t\t\t\t<a href='https:\/\/ecolit.com.br\/wp-content\/uploads\/2024\/10\/006-2.jpg'><img loading=\"lazy\" decoding=\"async\" width=\"300\" height=\"250\" src=\"https:\/\/ecolit.com.br\/wp-content\/uploads\/2024\/10\/006-2-300x250.jpg\" class=\"attachment-medium size-medium\" alt=\"\" srcset=\"https:\/\/ecolit.com.br\/wp-content\/uploads\/2024\/10\/006-2-300x250.jpg 300w, https:\/\/ecolit.com.br\/wp-content\/uploads\/2024\/10\/006-2.jpg 600w\" sizes=\"(max-width: 300px) 100vw, 300px\" \/><\/a>\n\t\t\t<\/div><\/figure><figure class='gallery-item'>\n\t\t\t<div class='gallery-icon landscape'>\n\t\t\t\t<a href='https:\/\/ecolit.com.br\/wp-content\/uploads\/2024\/10\/007.jpg'><img loading=\"lazy\" decoding=\"async\" width=\"300\" height=\"250\" src=\"https:\/\/ecolit.com.br\/wp-content\/uploads\/2024\/10\/007-300x250.jpg\" class=\"attachment-medium size-medium\" alt=\"\" srcset=\"https:\/\/ecolit.com.br\/wp-content\/uploads\/2024\/10\/007-300x250.jpg 300w, https:\/\/ecolit.com.br\/wp-content\/uploads\/2024\/10\/007.jpg 600w\" sizes=\"(max-width: 300px) 100vw, 300px\" \/><\/a>\n\t\t\t<\/div><\/figure><figure class='gallery-item'>\n\t\t\t<div class='gallery-icon landscape'>\n\t\t\t\t<a href='https:\/\/ecolit.com.br\/wp-content\/uploads\/2024\/10\/008.jpg'><img loading=\"lazy\" decoding=\"async\" width=\"300\" height=\"250\" src=\"https:\/\/ecolit.com.br\/wp-content\/uploads\/2024\/10\/008-300x250.jpg\" class=\"attachment-medium size-medium\" alt=\"\" srcset=\"https:\/\/ecolit.com.br\/wp-content\/uploads\/2024\/10\/008-300x250.jpg 300w, https:\/\/ecolit.com.br\/wp-content\/uploads\/2024\/10\/008.jpg 600w\" sizes=\"(max-width: 300px) 100vw, 300px\" \/><\/a>\n\t\t\t<\/div><\/figure><figure class='gallery-item'>\n\t\t\t<div class='gallery-icon landscape'>\n\t\t\t\t<a href='https:\/\/ecolit.com.br\/wp-content\/uploads\/2024\/10\/009.jpg'><img loading=\"lazy\" decoding=\"async\" width=\"300\" height=\"250\" src=\"https:\/\/ecolit.com.br\/wp-content\/uploads\/2024\/10\/009-300x250.jpg\" class=\"attachment-medium size-medium\" alt=\"\" srcset=\"https:\/\/ecolit.com.br\/wp-content\/uploads\/2024\/10\/009-300x250.jpg 300w, https:\/\/ecolit.com.br\/wp-content\/uploads\/2024\/10\/009.jpg 600w\" sizes=\"(max-width: 300px) 100vw, 300px\" \/><\/a>\n\t\t\t<\/div><\/figure><figure class='gallery-item'>\n\t\t\t<div class='gallery-icon landscape'>\n\t\t\t\t<a href='https:\/\/ecolit.com.br\/wp-content\/uploads\/2024\/10\/0010.jpg'><img loading=\"lazy\" decoding=\"async\" width=\"300\" height=\"250\" src=\"https:\/\/ecolit.com.br\/wp-content\/uploads\/2024\/10\/0010-300x250.jpg\" class=\"attachment-medium size-medium\" alt=\"\" srcset=\"https:\/\/ecolit.com.br\/wp-content\/uploads\/2024\/10\/0010-300x250.jpg 300w, https:\/\/ecolit.com.br\/wp-content\/uploads\/2024\/10\/0010.jpg 600w\" sizes=\"(max-width: 300px) 100vw, 300px\" \/><\/a>\n\t\t\t<\/div><\/figure>\n\t\t<\/div>\n\t\t\t\t\t\t\t\t<\/div>\n\t\t\t\t<\/div>\n\t\t\t\t<\/div>\n\t\t\t\t<\/div>\n\t\t\t\t\t<\/div>\n\t\t\t\t<\/div>\n\t\t\t\t<\/div>\n\t\t","protected":false},"excerpt":{"rendered":"<p>PRODUTOS Especifica\u00e7\u00e3o T\u00e9cnica dos compensados ECOLIT MEDIDAS: 2,20m X 1,10m X 6mmPESO: 16KgCOMPOSI\u00c7\u00c3O: 75% Pl\u00e1stico e 25% Outros MateriaisESPESSURAS: 03 mm | 06 mm | 10 mm | 12 mm | 15 mm | 20 mm Imperme\u00e1vel, Resistente a compress\u00e3o. Pode ser serrada com serra de disco ou tico tico. Pode ser pintada com esmalte [&hellip;]<\/p>\n","protected":false},"author":1,"featured_media":0,"parent":0,"menu_order":0,"comment_status":"closed","ping_status":"closed","template":"","meta":{"footnotes":""},"class_list":["post-5733","page","type-page","status-publish","hentry"],"_links":{"self":[{"href":"https:\/\/ecolit.com.br\/index.php?rest_route=\/wp\/v2\/pages\/5733","targetHints":{"allow":["GET"]}}],"collection":[{"href":"https:\/\/ecolit.com.br\/index.php?rest_route=\/wp\/v2\/pages"}],"about":[{"href":"https:\/\/ecolit.com.br\/index.php?rest_route=\/wp\/v2\/types\/page"}],"author":[{"embeddable":true,"href":"https:\/\/ecolit.com.br\/index.php?rest_route=\/wp\/v2\/users\/1"}],"replies":[{"embeddable":true,"href":"https:\/\/ecolit.com.br\/index.php?rest_route=%2Fwp%2Fv2%2Fcomments&post=5733"}],"version-history":[{"count":32,"href":"https:\/\/ecolit.com.br\/index.php?rest_route=\/wp\/v2\/pages\/5733\/revisions"}],"predecessor-version":[{"id":6599,"href":"https:\/\/ecolit.com.br\/index.php?rest_route=\/wp\/v2\/pages\/5733\/revisions\/6599"}],"wp:attachment":[{"href":"https:\/\/ecolit.com.br\/index.php?rest_route=%2Fwp%2Fv2%2Fmedia&parent=5733"}],"curies":[{"name":"wp","href":"https:\/\/api.w.org\/{rel}","templated":true}]}}